{"id":23,"date":"2018-11-28T21:52:45","date_gmt":"2018-11-28T20:52:45","guid":{"rendered":"http:\/\/hakah-interior.com\/?page_id=23"},"modified":"2021-04-17T17:18:01","modified_gmt":"2021-04-17T15:18:01","slug":"bio","status":"publish","type":"page","link":"https:\/\/hakah-interior.com\/index.php\/bio\/","title":{"rendered":"Bio"},"content":{"rendered":"\t\t<div data-elementor-type=\"wp-post\" data-elementor-id=\"23\" class=\"elementor elementor-23 elementor-bc-flex-widget\" data-elementor-settings=\"[]\">\n\t\t\t\t\t\t<div class=\"elementor-inner\">\n\t\t\t\t\t\t\t<div class=\"elementor-section-wrap\">\n\t\t\t\t\t\t\t<section class=\"elementor-section elementor-top-section elementor-element elementor-element-ce2c5f2 elementor-section-boxed elementor-section-height-default elementor-section-height-default\" data-id=\"ce2c5f2\" data-element_type=\"section\">\n\t\t\t\t\t\t<div class=\"elementor-container elementor-column-gap-default\">\n\t\t\t\t\t\t\t<div class=\"elementor-row\">\n\t\t\t\t\t<div class=\"elementor-column elementor-col-33 elementor-top-column elementor-element elementor-element-32c193b\" data-id=\"32c193b\" data-element_type=\"column\">\n\t\t\t<div class=\"elementor-column-wrap elementor-element-populated\">\n\t\t\t\t\t\t\t<div class=\"elementor-widget-wrap\">\n\t\t\t\t\t\t<div class=\"elementor-element elementor-element-ee357ff elementor-widget elementor-widget-image\" data-id=\"ee357ff\" data-element_type=\"widget\" data-widget_type=\"image.default\">\n\t\t\t\t<div class=\"elementor-widget-container\">\n\t\t\t\t\t\t\t\t<div class=\"elementor-image\">\n\t\t\t\t\t\t\t\t\t\t\t\t<img width=\"525\" height=\"768\" src=\"https:\/\/hakah-interior.com\/wp-content\/uploads\/2019\/02\/IMG_0148-700x1024.jpg\" class=\"attachment-large size-large\" alt=\"\" loading=\"lazy\" srcset=\"https:\/\/hakah-interior.com\/wp-content\/uploads\/2019\/02\/IMG_0148-700x1024.jpg 700w, https:\/\/hakah-interior.com\/wp-content\/uploads\/2019\/02\/IMG_0148-205x300.jpg 205w, https:\/\/hakah-interior.com\/wp-content\/uploads\/2019\/02\/IMG_0148-768x1123.jpg 768w, https:\/\/hakah-interior.com\/wp-content\/uploads\/2019\/02\/IMG_0148.jpg 1168w\" sizes=\"100vw\" \/>\t\t\t\t\t\t\t\t\t\t\t\t\t\t<\/div>\n\t\t\t\t\t\t<\/div>\n\t\t\t\t<\/div>\n\t\t\t\t\t\t<\/div>\n\t\t\t\t\t<\/div>\n\t\t<\/div>\n\t\t\t\t<div class=\"elementor-column elementor-col-66 elementor-top-column elementor-element elementor-element-6c93428\" data-id=\"6c93428\" data-element_type=\"column\">\n\t\t\t<div class=\"elementor-column-wrap elementor-element-populated\">\n\t\t\t\t\t\t\t<div class=\"elementor-widget-wrap\">\n\t\t\t\t\t\t<div class=\"elementor-element elementor-element-db76acf elementor-widget elementor-widget-text-editor\" data-id=\"db76acf\" data-element_type=\"widget\" data-widget_type=\"text-editor.default\">\n\t\t\t\t<div class=\"elementor-widget-container\">\n\t\t\t\t\t\t\t\t<div class=\"elementor-text-editor elementor-clearfix\">\n\t\t\t\t<p>Je m\u2019appelle Harald Heider, fondateur de l\u2019agence Hakah-Interior.\u00a0<\/p><p><span style=\"font-size: 1rem;\">Avant de cr\u00e9er \u00a0mon agence de d\u00e9coration et d\u2019architecture d\u2019int\u00e9rieur, j\u2019ai pass\u00e9 vingt ans au sein de la direction d\u2019une grande maison de mode fran\u00e7aise.<\/span><\/p><p>Cette experience fabuleuse m\u2019a emmen\u00e9 \u00e0 parcourir le monde entier, en m\u2019impr\u00e9gnant des codes, d\u2019arts, des cultures et des savoir-faire. Les influences des diff\u00e9rents \u00a0continents, nourrissent aujourd&#8217;hui ma vision cr\u00e9ative.<\/p><p>Mon Allemagne native m\u2019a appris la pr\u00e9cision, le sens de la fonction avant la forme et la n\u00e9cessit\u00e9 de trouver la juste r\u00e9ponse \u00e0 toutes probl\u00e9matiques de design. Ma France adoptive m\u2019enseigne depuis plus de 25 ans le sens du go\u00fbt et d\u2019harmonie, dans mes pr\u00e9conisations de couleurs, de textures et de finitions. Les deux ensembles forment la colonne vert\u00e9brale de mon approche et de ma m\u00e9thodologie.<\/p><p>L\u2019habitat me fascine depuis toujours. Ma passion c\u2019est la bonne connexion entre l\u2019homme et son environnement. La maison a comme fonction de nous h\u00e9berger, nous chauffer, nous nourrir et nous permettre de nous reposer, mais apr\u00e8s tout elle doit nous ressembler.<\/p><p>Nos espaces de vente et de travail apportent \u00e9galement de nouveaux d<span style=\"font-size: 1rem;\">\u00e9<\/span><span style=\"font-size: 1rem;\">fis de conception. Je travail main dans la main avec les marques et les entreprises pour trouver des solutions sur mesure uniques et imaginatives.<\/span><\/p><p><span style=\"font-size: 1rem;\">Il est parfois difficile de se retrouver dans la pl\u00e9thore de choix architecturaux et d\u00e9coratifs, propos\u00e9e par les diff\u00e9rentes enseignes. Que votre projet soit grand ou petit ou que vous avez simplement besoin d&#8217;un petit accompagnement sur du r<\/span><span style=\"font-size: 1rem;\">\u00e9<\/span><span style=\"font-size: 1rem;\">am<\/span><span style=\"font-size: 1rem;\">\u00e9<\/span><span style=\"font-size: 1rem;\">nagement int<\/span><span style=\"font-size: 1rem;\">\u00e9<\/span><span style=\"font-size: 1rem;\">rieur ou home staging, contacter moi pour une visite offerte.<\/span><\/p><p><style type=\"text\/css\">\np.p1 {margin: 0.0px 0.0px 0.0px 0.0px; text-align: justify; font: 12.0px 'Calibri Light'; color: #000000; -webkit-text-stroke: #000000; background-color: #00ff00}<br \/>p.p2 {margin: 0.0px 0.0px 0.0px 0.0px; text-align: justify; font: 12.0px 'Calibri Light'; color: #000000; -webkit-text-stroke: #000000; background-color: #00ff00; min-height: 15.0px}<br \/>span.s1 {font-kerning: none}<br \/><\/style><\/p><p><style type=\"text\/css\">\np.p1 {margin: 0.0px 0.0px 0.0px 0.0px; font: 11.0px 'Helvetica Neue'; color: #000000; -webkit-text-stroke: #000000; background-color: #00ff00}<br \/>p.p2 {margin: 0.0px 0.0px 0.0px 0.0px; font: 11.0px 'Helvetica Neue'; color: #000000; -webkit-text-stroke: #000000; min-height: 12.0px}<br \/>span.s1 {font-kerning: none}<br \/><\/style><\/p>\t\t\t\t\t<\/div>\n\t\t\t\t\t\t<\/div>\n\t\t\t\t<\/div>\n\t\t\t\t\t\t<\/div>\n\t\t\t\t\t<\/div>\n\t\t<\/div>\n\t\t\t\t\t\t\t\t<\/div>\n\t\t\t\t\t<\/div>\n\t\t<\/section>\n\t\t\t\t\t\t<\/div>\n\t\t\t\t\t\t<\/div>\n\t\t\t\t\t<\/div>\n\t\t","protected":false},"excerpt":{"rendered":"<p>Je m\u2019appelle Harald Heider, fondateur de l\u2019agence Hakah-Interior.\u00a0 Avant de cr\u00e9er \u00a0mon agence de d\u00e9coration et d\u2019architecture d\u2019int\u00e9rieur, j\u2019ai pass\u00e9 vingt ans au sein de la direction d\u2019une grande maison de mode fran\u00e7aise. Cette experience fabuleuse m\u2019a emmen\u00e9 \u00e0 parcourir le monde entier, en m\u2019impr\u00e9gnant des codes, d\u2019arts, des cultures et des savoir-faire. Les influences &hellip; <\/p>\n<p class=\"link-more\"><a href=\"https:\/\/hakah-interior.com\/index.php\/bio\/\" class=\"more-link\">Continue reading<span class=\"screen-reader-text\"> &#8220;Bio&#8221;<\/span><\/a><\/p>\n","protected":false},"author":1,"featured_media":0,"parent":0,"menu_order":0,"comment_status":"closed","ping_status":"closed","template":"","meta":[],"_links":{"self":[{"href":"https:\/\/hakah-interior.com\/index.php\/wp-json\/wp\/v2\/pages\/23"}],"collection":[{"href":"https:\/\/hakah-interior.com\/index.php\/wp-json\/wp\/v2\/pages"}],"about":[{"href":"https:\/\/hakah-interior.com\/index.php\/wp-json\/wp\/v2\/types\/page"}],"author":[{"embeddable":true,"href":"https:\/\/hakah-interior.com\/index.php\/wp-json\/wp\/v2\/users\/1"}],"replies":[{"embeddable":true,"href":"https:\/\/hakah-interior.com\/index.php\/wp-json\/wp\/v2\/comments?post=23"}],"version-history":[{"count":13,"href":"https:\/\/hakah-interior.com\/index.php\/wp-json\/wp\/v2\/pages\/23\/revisions"}],"predecessor-version":[{"id":550,"href":"https:\/\/hakah-interior.com\/index.php\/wp-json\/wp\/v2\/pages\/23\/revisions\/550"}],"wp:attachment":[{"href":"https:\/\/hakah-interior.com\/index.php\/wp-json\/wp\/v2\/media?parent=23"}],"curies":[{"name":"wp","href":"https:\/\/api.w.org\/{rel}","templated":true}]}}