{"id":25,"date":"2018-11-28T21:52:45","date_gmt":"2018-11-28T20:52:45","guid":{"rendered":"http:\/\/hakah-interior.com\/?page_id=25"},"modified":"2021-04-17T19:20:54","modified_gmt":"2021-04-17T17:20:54","slug":"prestations","status":"publish","type":"page","link":"https:\/\/hakah-interior.com\/index.php\/prestations\/","title":{"rendered":"Prestations"},"content":{"rendered":"\t\t<div data-elementor-type=\"wp-post\" data-elementor-id=\"25\" class=\"elementor elementor-25 elementor-bc-flex-widget\" data-elementor-settings=\"[]\">\n\t\t\t\t\t\t<div class=\"elementor-inner\">\n\t\t\t\t\t\t\t<div class=\"elementor-section-wrap\">\n\t\t\t\t\t\t\t<section class=\"elementor-section elementor-top-section elementor-element elementor-element-c64b6aa elementor-section-boxed elementor-section-height-default elementor-section-height-default\" data-id=\"c64b6aa\" data-element_type=\"section\">\n\t\t\t\t\t\t<div class=\"elementor-container elementor-column-gap-default\">\n\t\t\t\t\t\t\t<div class=\"elementor-row\">\n\t\t\t\t\t<div class=\"elementor-column elementor-col-100 elementor-top-column elementor-element elementor-element-9d8c441\" data-id=\"9d8c441\" data-element_type=\"column\">\n\t\t\t<div class=\"elementor-column-wrap elementor-element-populated\">\n\t\t\t\t\t\t\t<div class=\"elementor-widget-wrap\">\n\t\t\t\t\t\t<section class=\"elementor-section elementor-inner-section elementor-element elementor-element-485c189 elementor-section-boxed elementor-section-height-default elementor-section-height-default\" data-id=\"485c189\" data-element_type=\"section\">\n\t\t\t\t\t\t<div class=\"elementor-container elementor-column-gap-default\">\n\t\t\t\t\t\t\t<div class=\"elementor-row\">\n\t\t\t\t\t<div class=\"elementor-column elementor-col-50 elementor-inner-column elementor-element elementor-element-df4c220\" data-id=\"df4c220\" data-element_type=\"column\">\n\t\t\t<div class=\"elementor-column-wrap elementor-element-populated\">\n\t\t\t\t\t\t\t<div class=\"elementor-widget-wrap\">\n\t\t\t\t\t\t<div class=\"elementor-element elementor-element-323fd3f elementor-hidden-phone elementor-widget elementor-widget-image\" data-id=\"323fd3f\" data-element_type=\"widget\" data-widget_type=\"image.default\">\n\t\t\t\t<div class=\"elementor-widget-container\">\n\t\t\t\t\t\t\t\t<div class=\"elementor-image\">\n\t\t\t\t\t\t\t\t\t\t\t\t<img width=\"258\" height=\"1024\" src=\"https:\/\/hakah-interior.com\/wp-content\/uploads\/2019\/01\/fancycrave-255654-unsplash-3-258x1024.jpg\" class=\"attachment-large size-large\" alt=\"\" loading=\"lazy\" srcset=\"https:\/\/hakah-interior.com\/wp-content\/uploads\/2019\/01\/fancycrave-255654-unsplash-3-258x1024.jpg 258w, https:\/\/hakah-interior.com\/wp-content\/uploads\/2019\/01\/fancycrave-255654-unsplash-3.jpg 756w\" sizes=\"100vw\" \/>\t\t\t\t\t\t\t\t\t\t\t\t\t\t<\/div>\n\t\t\t\t\t\t<\/div>\n\t\t\t\t<\/div>\n\t\t\t\t\t\t<\/div>\n\t\t\t\t\t<\/div>\n\t\t<\/div>\n\t\t\t\t<div class=\"elementor-column elementor-col-50 elementor-inner-column elementor-element elementor-element-47fc92e\" data-id=\"47fc92e\" data-element_type=\"column\">\n\t\t\t<div class=\"elementor-column-wrap elementor-element-populated\">\n\t\t\t\t\t\t\t<div class=\"elementor-widget-wrap\">\n\t\t\t\t\t\t<div class=\"elementor-element elementor-element-d128f8e elementor-widget elementor-widget-text-editor\" data-id=\"d128f8e\" data-element_type=\"widget\" data-widget_type=\"text-editor.default\">\n\t\t\t\t<div class=\"elementor-widget-container\">\n\t\t\t\t\t\t\t\t<div class=\"elementor-text-editor elementor-clearfix\">\n\t\t\t\t<ul><li><h5>COACHING \u00c0 DOMICILE<\/h5><\/li><\/ul><p>Conseil en am\u00e9nagement de votre appartement (couleurs, meubles, etc)<\/p><ul><li><h5>CONCEPTION D&#8217;UNE NOUVELLE D\u00c9CORATION<\/h5><p>Visite de conseil \u00e0 domicile<\/p><\/li><\/ul><p>\u00c9laboration d&#8217;un cahier de charges<\/p><p>Conception des plans 2D, 3D<\/p><p>Shopping liste d\u00e9taill\u00e9e<\/p><p>Budget du projet<\/p><p>Accompagnement pendant la r\u00e9alisation<\/p><ul><li><h5>TRANSFORMATION OU R\u00c9NOVATION DE VOTRE HABITAT<\/h5><p>L&#8217;avant projet sommaire<\/p><\/li><\/ul><p>L&#8217;avant projet d\u00e9finitif avec les plans en 2D\/3D<\/p><p>Budget du projet<\/p><p>Recherche des entrepreneurs, chiffrage des travaux<\/p><p>Accompagnement \u00a0pendant la r\u00e9alisation des travaux<\/p><p>Cr\u00e9ation d&#8217;une shopping liste<\/p><p>D\u00e9coration et am\u00e9nagement de votre habitat<\/p><ul><li><h5>HOME STAGING<\/h5><\/li><\/ul><p>Am\u00e9liorer l&#8217;image de votre appartement ou maison pour une vente futur<\/p><ul><li><h5>AGENCEMENT DE BUREAUX, COMMERCES, BOUTIQUES, HOTELS ET RESTAURAnts<\/h5><\/li><\/ul>\t\t\t\t\t<\/div>\n\t\t\t\t\t\t<\/div>\n\t\t\t\t<\/div>\n\t\t\t\t\t\t<\/div>\n\t\t\t\t\t<\/div>\n\t\t<\/div>\n\t\t\t\t\t\t\t\t<\/div>\n\t\t\t\t\t<\/div>\n\t\t<\/section>\n\t\t\t\t\t\t<\/div>\n\t\t\t\t\t<\/div>\n\t\t<\/div>\n\t\t\t\t\t\t\t\t<\/div>\n\t\t\t\t\t<\/div>\n\t\t<\/section>\n\t\t\t\t\t\t<\/div>\n\t\t\t\t\t\t<\/div>\n\t\t\t\t\t<\/div>\n\t\t","protected":false},"excerpt":{"rendered":"<p>COACHING \u00c0 DOMICILE Conseil en am\u00e9nagement de votre appartement (couleurs, meubles, etc) CONCEPTION D&#8217;UNE NOUVELLE D\u00c9CORATION Visite de conseil \u00e0 domicile \u00c9laboration d&#8217;un cahier de charges Conception des plans 2D, 3D Shopping liste d\u00e9taill\u00e9e Budget du projet Accompagnement pendant la r\u00e9alisation TRANSFORMATION OU R\u00c9NOVATION DE VOTRE HABITAT L&#8217;avant projet sommaire L&#8217;avant projet d\u00e9finitif avec les &hellip; <\/p>\n<p class=\"link-more\"><a href=\"https:\/\/hakah-interior.com\/index.php\/prestations\/\" class=\"more-link\">Continue reading<span class=\"screen-reader-text\"> &#8220;Prestations&#8221;<\/span><\/a><\/p>\n","protected":false},"author":1,"featured_media":0,"parent":0,"menu_order":0,"comment_status":"closed","ping_status":"closed","template":"","meta":[],"_links":{"self":[{"href":"https:\/\/hakah-interior.com\/index.php\/wp-json\/wp\/v2\/pages\/25"}],"collection":[{"href":"https:\/\/hakah-interior.com\/index.php\/wp-json\/wp\/v2\/pages"}],"about":[{"href":"https:\/\/hakah-interior.com\/index.php\/wp-json\/wp\/v2\/types\/page"}],"author":[{"embeddable":true,"href":"https:\/\/hakah-interior.com\/index.php\/wp-json\/wp\/v2\/users\/1"}],"replies":[{"embeddable":true,"href":"https:\/\/hakah-interior.com\/index.php\/wp-json\/wp\/v2\/comments?post=25"}],"version-history":[{"count":18,"href":"https:\/\/hakah-interior.com\/index.php\/wp-json\/wp\/v2\/pages\/25\/revisions"}],"predecessor-version":[{"id":574,"href":"https:\/\/hakah-interior.com\/index.php\/wp-json\/wp\/v2\/pages\/25\/revisions\/574"}],"wp:attachment":[{"href":"https:\/\/hakah-interior.com\/index.php\/wp-json\/wp\/v2\/media?parent=25"}],"curies":[{"name":"wp","href":"https:\/\/api.w.org\/{rel}","templated":true}]}}