{"id":728,"date":"2018-11-28T21:52:45","date_gmt":"2018-11-28T20:52:45","guid":{"rendered":"http:\/\/hakah-interior.com\/?page_id=728"},"modified":"2021-11-07T14:44:14","modified_gmt":"2021-11-07T13:44:14","slug":"elementor-728","status":"publish","type":"page","link":"https:\/\/hakah-interior.com\/index.php\/de\/elementor-728\/","title":{"rendered":"Bio"},"content":{"rendered":"\t\t<div data-elementor-type=\"wp-post\" data-elementor-id=\"728\" class=\"elementor elementor-728\" data-elementor-settings=\"[]\">\n\t\t\t\t\t\t<div class=\"elementor-inner\">\n\t\t\t\t\t\t\t<div class=\"elementor-section-wrap\">\n\t\t\t\t\t\t\t<section class=\"elementor-section elementor-top-section elementor-element elementor-element-ce2c5f2 elementor-section-boxed elementor-section-height-default elementor-section-height-default\" data-id=\"ce2c5f2\" data-element_type=\"section\">\n\t\t\t\t\t\t<div class=\"elementor-container elementor-column-gap-default\">\n\t\t\t\t\t\t\t<div class=\"elementor-row\">\n\t\t\t\t\t<div class=\"elementor-column elementor-col-33 elementor-top-column elementor-element elementor-element-32c193b\" data-id=\"32c193b\" data-element_type=\"column\">\n\t\t\t<div class=\"elementor-column-wrap elementor-element-populated\">\n\t\t\t\t\t\t\t<div class=\"elementor-widget-wrap\">\n\t\t\t\t\t\t<div class=\"elementor-element elementor-element-ee357ff elementor-widget elementor-widget-image\" data-id=\"ee357ff\" data-element_type=\"widget\" data-widget_type=\"image.default\">\n\t\t\t\t<div class=\"elementor-widget-container\">\n\t\t\t\t\t\t\t\t<div class=\"elementor-image\">\n\t\t\t\t\t\t\t\t\t\t\t\t<img width=\"525\" height=\"768\" src=\"https:\/\/hakah-interior.com\/wp-content\/uploads\/2019\/02\/IMG_0148-700x1024.jpg\" class=\"attachment-large size-large\" alt=\"\" loading=\"lazy\" srcset=\"https:\/\/hakah-interior.com\/wp-content\/uploads\/2019\/02\/IMG_0148-700x1024.jpg 700w, https:\/\/hakah-interior.com\/wp-content\/uploads\/2019\/02\/IMG_0148-205x300.jpg 205w, https:\/\/hakah-interior.com\/wp-content\/uploads\/2019\/02\/IMG_0148-768x1123.jpg 768w, https:\/\/hakah-interior.com\/wp-content\/uploads\/2019\/02\/IMG_0148.jpg 1168w\" sizes=\"100vw\" \/>\t\t\t\t\t\t\t\t\t\t\t\t\t\t<\/div>\n\t\t\t\t\t\t<\/div>\n\t\t\t\t<\/div>\n\t\t\t\t\t\t<\/div>\n\t\t\t\t\t<\/div>\n\t\t<\/div>\n\t\t\t\t<div class=\"elementor-column elementor-col-66 elementor-top-column elementor-element elementor-element-6c93428\" data-id=\"6c93428\" data-element_type=\"column\">\n\t\t\t<div class=\"elementor-column-wrap elementor-element-populated\">\n\t\t\t\t\t\t\t<div class=\"elementor-widget-wrap\">\n\t\t\t\t\t\t<div class=\"elementor-element elementor-element-db76acf elementor-widget elementor-widget-text-editor\" data-id=\"db76acf\" data-element_type=\"widget\" data-widget_type=\"text-editor.default\">\n\t\t\t\t<div class=\"elementor-widget-container\">\n\t\t\t\t\t\t\t\t<div class=\"elementor-text-editor elementor-clearfix\">\n\t\t\t\t<p class=\"p1\"><span class=\"s1\">Mein Name ist Harald Heider, Gr\u00fcnder und Inhaber der Agentur Hakah-Interior.<\/span><\/p><p class=\"p1\"><span class=\"s1\">Vor der Gr\u00fcndung der Agentur Hakah-Interior (Agentur f\u00fcr Innenarchitektur und Design), war ich zwanzig Jahre im Management mehrerer internationaler namhafter franz\u00f6sischer Mode- und Luxush\u00e4user t\u00e4tig. Auf zahlreichen beruflichen wie privaten Reisen lernte ich andere Kulturen, deren Kunst und Know-how<span class=\"Apple-converted-space\">\u00a0 <\/span>der handwerklichen Spezialisierung kennen und sch\u00e4tzen.<span class=\"Apple-converted-space\">\u00a0<\/span><\/span><\/p><p class=\"p1\"><span class=\"s1\">Alle diese fremden Kulturen sind Inspiration und Quelle meiner kreativen Visionen.<\/span><\/p><p class=\"p1\"><span class=\"s1\">Meine Heimat Deutschland lehrte mich Pr\u00e4zision, einen Sinn f\u00fcr Funktion vor Form und die Notwendigkeit, hartn\u00e4ckig f\u00fcr jedes Designproblem die richtige Antwort zu finden.<\/span><\/p><p class=\"p1\"><span class=\"s1\">Meine Wahlheimat Frankreich hat mich in mehr als 25 Jahren den Sinn f\u00fcr Stil, Geschmack und Harmonie gelehrt, was sich in meinen Empfehlungen f\u00fcr Farben, Texturen und Verarbeitungsqualit\u00e4t widerspiegelt.<span class=\"Apple-converted-space\">\u00a0<\/span><\/span><\/p><p class=\"p1\"><span class=\"s1\">Das Beste aus beiden Nationalit\u00e4ten bildet das R\u00fcckgrat meines Ansatzes und meiner Methodik.<\/span><\/p><p class=\"p1\"><span class=\"s1\">Lebensr\u00e4ume haben mich schon immer fasziniert. Meine Leidenschaft ist, jedem seinen pers\u00f6nlichen Wohntraum zu schaffen. Der individuell gestaltete Wohntraum wird atmosph\u00e4risch auf die Bed\u00fcrfnisse der jeweiligen Bewohner ma\u00dfgeschneidert.<span class=\"Apple-converted-space\">\u00a0<\/span><\/span><\/p><p class=\"p1\"><span class=\"s1\">Die F\u00fclle der architektonischen und dekorativen M\u00f6glichkeiten, viele verschiedene Marken und Hersteller erschweren es dem Laien, sich zurechtzufinden und das f\u00fcr seinen Wohntraum optimale Angebot zu finden und umzusetzen.<\/span><\/p><p class=\"p1\"><span class=\"s1\">Ganz gleich, ob Ihr Projekt gro\u00df oder klein ist, oder ob Sie einfach nur ein wenig Unterst\u00fctzung bei der Neugestaltung Ihrer Wohnung oder beim Home Staging ben\u00f6tigen, kontaktieren Sie mich f\u00fcr eine kostenlose Beratung vor Ort.<\/span><\/p><p class=\"p1\"><span class=\"s1\">Unsere Einzelhandels- und Arbeitsr\u00e4ume bringen heute auch neue gestalterische Herausforderungen mit sich. Hakah-Interior arbeitet Hand in Hand mit Marken und Unternehmen, um einzigartige und fantasievolle ma\u00dfgeschneiderte L\u00f6sungen zu finden.<\/span><\/p>\t\t\t\t\t<\/div>\n\t\t\t\t\t\t<\/div>\n\t\t\t\t<\/div>\n\t\t\t\t\t\t<\/div>\n\t\t\t\t\t<\/div>\n\t\t<\/div>\n\t\t\t\t\t\t\t\t<\/div>\n\t\t\t\t\t<\/div>\n\t\t<\/section>\n\t\t\t\t\t\t<\/div>\n\t\t\t\t\t\t<\/div>\n\t\t\t\t\t<\/div>\n\t\t","protected":false},"excerpt":{"rendered":"<p>Mein Name ist Harald Heider, Gr\u00fcnder und Inhaber der Agentur Hakah-Interior. Vor der Gr\u00fcndung der Agentur Hakah-Interior (Agentur f\u00fcr Innenarchitektur und Design), war ich zwanzig Jahre im Management mehrerer internationaler namhafter franz\u00f6sischer Mode- und Luxush\u00e4user t\u00e4tig. Auf zahlreichen beruflichen wie privaten Reisen lernte ich andere Kulturen, deren Kunst und Know-how&nbsp; der handwerklichen Spezialisierung kennen und &hellip; <\/p>\n<p class=\"link-more\"><a href=\"https:\/\/hakah-interior.com\/index.php\/de\/elementor-728\/\" class=\"more-link\">Continue reading<span class=\"screen-reader-text\"> &#8220;Bio&#8221;<\/span><\/a><\/p>\n","protected":false},"author":1,"featured_media":0,"parent":0,"menu_order":0,"comment_status":"closed","ping_status":"closed","template":"","meta":[],"_links":{"self":[{"href":"https:\/\/hakah-interior.com\/index.php\/wp-json\/wp\/v2\/pages\/728"}],"collection":[{"href":"https:\/\/hakah-interior.com\/index.php\/wp-json\/wp\/v2\/pages"}],"about":[{"href":"https:\/\/hakah-interior.com\/index.php\/wp-json\/wp\/v2\/types\/page"}],"author":[{"embeddable":true,"href":"https:\/\/hakah-interior.com\/index.php\/wp-json\/wp\/v2\/users\/1"}],"replies":[{"embeddable":true,"href":"https:\/\/hakah-interior.com\/index.php\/wp-json\/wp\/v2\/comments?post=728"}],"version-history":[{"count":5,"href":"https:\/\/hakah-interior.com\/index.php\/wp-json\/wp\/v2\/pages\/728\/revisions"}],"predecessor-version":[{"id":733,"href":"https:\/\/hakah-interior.com\/index.php\/wp-json\/wp\/v2\/pages\/728\/revisions\/733"}],"wp:attachment":[{"href":"https:\/\/hakah-interior.com\/index.php\/wp-json\/wp\/v2\/media?parent=728"}],"curies":[{"name":"wp","href":"https:\/\/api.w.org\/{rel}","templated":true}]}}