{"id":737,"date":"2018-11-28T21:52:45","date_gmt":"2018-11-28T20:52:45","guid":{"rendered":"http:\/\/hakah-interior.com\/?page_id=737"},"modified":"2021-11-13T15:15:55","modified_gmt":"2021-11-13T14:15:55","slug":"leistungen","status":"publish","type":"page","link":"https:\/\/hakah-interior.com\/index.php\/de\/leistungen\/","title":{"rendered":"Angebot"},"content":{"rendered":"\t\t<div data-elementor-type=\"wp-post\" data-elementor-id=\"737\" class=\"elementor elementor-737\" data-elementor-settings=\"[]\">\n\t\t\t\t\t\t<div class=\"elementor-inner\">\n\t\t\t\t\t\t\t<div class=\"elementor-section-wrap\">\n\t\t\t\t\t\t\t<section class=\"elementor-section elementor-top-section elementor-element elementor-element-c64b6aa elementor-section-boxed elementor-section-height-default elementor-section-height-default\" data-id=\"c64b6aa\" data-element_type=\"section\">\n\t\t\t\t\t\t<div class=\"elementor-container elementor-column-gap-default\">\n\t\t\t\t\t\t\t<div class=\"elementor-row\">\n\t\t\t\t\t<div class=\"elementor-column elementor-col-100 elementor-top-column elementor-element elementor-element-9d8c441\" data-id=\"9d8c441\" data-element_type=\"column\">\n\t\t\t<div class=\"elementor-column-wrap elementor-element-populated\">\n\t\t\t\t\t\t\t<div class=\"elementor-widget-wrap\">\n\t\t\t\t\t\t<section class=\"elementor-section elementor-inner-section elementor-element elementor-element-485c189 elementor-section-boxed elementor-section-height-default elementor-section-height-default\" data-id=\"485c189\" data-element_type=\"section\">\n\t\t\t\t\t\t<div class=\"elementor-container elementor-column-gap-default\">\n\t\t\t\t\t\t\t<div class=\"elementor-row\">\n\t\t\t\t\t<div class=\"elementor-column elementor-col-50 elementor-inner-column elementor-element elementor-element-df4c220\" data-id=\"df4c220\" data-element_type=\"column\">\n\t\t\t<div class=\"elementor-column-wrap elementor-element-populated\">\n\t\t\t\t\t\t\t<div class=\"elementor-widget-wrap\">\n\t\t\t\t\t\t<div class=\"elementor-element elementor-element-323fd3f elementor-hidden-phone elementor-widget elementor-widget-image\" data-id=\"323fd3f\" data-element_type=\"widget\" data-widget_type=\"image.default\">\n\t\t\t\t<div class=\"elementor-widget-container\">\n\t\t\t\t\t\t\t\t<div class=\"elementor-image\">\n\t\t\t\t\t\t\t\t\t\t\t\t<img width=\"258\" height=\"1024\" src=\"https:\/\/hakah-interior.com\/wp-content\/uploads\/2019\/01\/fancycrave-255654-unsplash-3-258x1024.jpg\" class=\"attachment-large size-large\" alt=\"\" loading=\"lazy\" srcset=\"https:\/\/hakah-interior.com\/wp-content\/uploads\/2019\/01\/fancycrave-255654-unsplash-3-258x1024.jpg 258w, https:\/\/hakah-interior.com\/wp-content\/uploads\/2019\/01\/fancycrave-255654-unsplash-3.jpg 756w\" sizes=\"100vw\" \/>\t\t\t\t\t\t\t\t\t\t\t\t\t\t<\/div>\n\t\t\t\t\t\t<\/div>\n\t\t\t\t<\/div>\n\t\t\t\t\t\t<\/div>\n\t\t\t\t\t<\/div>\n\t\t<\/div>\n\t\t\t\t<div class=\"elementor-column elementor-col-50 elementor-inner-column elementor-element elementor-element-47fc92e\" data-id=\"47fc92e\" data-element_type=\"column\">\n\t\t\t<div class=\"elementor-column-wrap elementor-element-populated\">\n\t\t\t\t\t\t\t<div class=\"elementor-widget-wrap\">\n\t\t\t\t\t\t<div class=\"elementor-element elementor-element-d128f8e elementor-widget elementor-widget-text-editor\" data-id=\"d128f8e\" data-element_type=\"widget\" data-widget_type=\"text-editor.default\">\n\t\t\t\t<div class=\"elementor-widget-container\">\n\t\t\t\t\t\t\t\t<div class=\"elementor-text-editor elementor-clearfix\">\n\t\t\t\t<ul><li><h5 class=\"p1\"><span class=\"s1\">NACHHILFE ZU HAUSE<\/span><\/h5><\/li><\/ul><p class=\"p1\"><span class=\"s1\">Beratung bei der Gestaltung Ihrer Wohnung (Farben, M\u00f6bel, etc.)<\/span><\/p><ul><li><h5 class=\"p1\"><span class=\"s1\">ENTWURF EINER NEUEN DEKORATION<\/span><\/h5><p class=\"p1\"><span class=\"s1\">Beratungsbesuch bei Ihnen zu Hause<\/span><\/p><p class=\"p1\"><span class=\"s1\">Ausarbeitung von Spezifikationen<\/span><\/p><p class=\"p1\"><span class=\"s1\">Entwurf von 2D- und 3D-Pl\u00e4nen<\/span><\/p><p class=\"p1\"><span class=\"s1\">Detaillierte Einkaufsliste<\/span><\/p><p class=\"p1\"><span class=\"s1\">Projektbudget<\/span><\/p><p class=\"p1\"><span class=\"s1\">Unterst\u00fctzung bei der Durchf\u00fchrung des Projekts<\/span><\/p><\/li><\/ul><ul><li><h5 class=\"p1\"><span class=\"s1\">vOLLST\u00c4NDIGER UMBAU ODER RENOVIERUNG<\/span><\/h5><p class=\"p1\"><span class=\"s1\">Vorl\u00e4ufiger Entwurf<\/span><\/p><p class=\"p1\"><span class=\"s1\">Endg\u00fcltiger Entwurf mit 2D\/3D-Pl\u00e4nen<\/span><\/p><p class=\"p1\"><span class=\"s1\">Administrative Genehmigungen<\/span><\/p><p class=\"p1\"><span class=\"s1\">Projektbudget<\/span><\/p><p class=\"p1\"><span class=\"s1\">Suche nach Auftragnehmern, Kostenkalkulation f\u00fcr die Arbeiten<\/span><\/p><p class=\"p1\"><span class=\"s1\">Unterst\u00fctzung bei der Durchf\u00fchrung der Arbeiten<\/span><\/p><p class=\"p1\"><span class=\"s1\">Erstellung einer Einkaufsliste<\/span><\/p><p class=\"p1\"><span class=\"s1\">Dekorieren und Einrichten Ihrer Wohnung<\/span><\/p><\/li><\/ul><ul><li><h5>HOME STAGING<\/h5><\/li><\/ul><p class=\"p1\"><span class=\"s1\">Verbesserung des Images Ihrer Wohnung oder Ihres Hauses f\u00fcr einen optimierten zuk\u00fcnftigen Verkauf.<\/span><\/p><ul><li><h5 class=\"p1\"><span class=\"s1\">GESTALTUNG VON B\u00dcROS, GESCH\u00c4FTEN, BOUTIQUEN, HOTELS UND RESTAURANTS<\/span><\/h5><\/li><\/ul>\t\t\t\t\t<\/div>\n\t\t\t\t\t\t<\/div>\n\t\t\t\t<\/div>\n\t\t\t\t\t\t<\/div>\n\t\t\t\t\t<\/div>\n\t\t<\/div>\n\t\t\t\t\t\t\t\t<\/div>\n\t\t\t\t\t<\/div>\n\t\t<\/section>\n\t\t\t\t\t\t<\/div>\n\t\t\t\t\t<\/div>\n\t\t<\/div>\n\t\t\t\t\t\t\t\t<\/div>\n\t\t\t\t\t<\/div>\n\t\t<\/section>\n\t\t\t\t\t\t<\/div>\n\t\t\t\t\t\t<\/div>\n\t\t\t\t\t<\/div>\n\t\t","protected":false},"excerpt":{"rendered":"<p>NACHHILFE ZU HAUSE Beratung bei der Gestaltung Ihrer Wohnung (Farben, M\u00f6bel, etc.) ENTWURF EINER NEUEN DEKORATION Beratungsbesuch bei Ihnen zu Hause Ausarbeitung von Spezifikationen Entwurf von 2D- und 3D-Pl\u00e4nen Detaillierte Einkaufsliste Projektbudget Unterst\u00fctzung bei der Durchf\u00fchrung des Projekts vOLLST\u00c4NDIGER UMBAU ODER RENOVIERUNG Vorl\u00e4ufiger Entwurf Endg\u00fcltiger Entwurf mit 2D\/3D-Pl\u00e4nen Administrative Genehmigungen Projektbudget Suche nach Auftragnehmern, Kostenkalkulation &hellip; <\/p>\n<p class=\"link-more\"><a href=\"https:\/\/hakah-interior.com\/index.php\/de\/leistungen\/\" class=\"more-link\">Continue reading<span class=\"screen-reader-text\"> &#8220;Angebot&#8221;<\/span><\/a><\/p>\n","protected":false},"author":1,"featured_media":0,"parent":0,"menu_order":0,"comment_status":"closed","ping_status":"closed","template":"","meta":[],"_links":{"self":[{"href":"https:\/\/hakah-interior.com\/index.php\/wp-json\/wp\/v2\/pages\/737"}],"collection":[{"href":"https:\/\/hakah-interior.com\/index.php\/wp-json\/wp\/v2\/pages"}],"about":[{"href":"https:\/\/hakah-interior.com\/index.php\/wp-json\/wp\/v2\/types\/page"}],"author":[{"embeddable":true,"href":"https:\/\/hakah-interior.com\/index.php\/wp-json\/wp\/v2\/users\/1"}],"replies":[{"embeddable":true,"href":"https:\/\/hakah-interior.com\/index.php\/wp-json\/wp\/v2\/comments?post=737"}],"version-history":[{"count":12,"href":"https:\/\/hakah-interior.com\/index.php\/wp-json\/wp\/v2\/pages\/737\/revisions"}],"predecessor-version":[{"id":841,"href":"https:\/\/hakah-interior.com\/index.php\/wp-json\/wp\/v2\/pages\/737\/revisions\/841"}],"wp:attachment":[{"href":"https:\/\/hakah-interior.com\/index.php\/wp-json\/wp\/v2\/media?parent=737"}],"curies":[{"name":"wp","href":"https:\/\/api.w.org\/{rel}","templated":true}]}}