{"id":77,"date":"2018-12-05T19:01:52","date_gmt":"2018-12-05T18:01:52","guid":{"rendered":"http:\/\/hakah-interior.com\/?page_id=77"},"modified":"2021-04-18T17:53:29","modified_gmt":"2021-04-18T15:53:29","slug":"acceuil","status":"publish","type":"page","link":"https:\/\/hakah-interior.com\/","title":{"rendered":"Accueil"},"content":{"rendered":"\t\t<div data-elementor-type=\"wp-post\" data-elementor-id=\"77\" class=\"elementor elementor-77 elementor-bc-flex-widget\" data-elementor-settings=\"[]\">\n\t\t\t\t\t\t<div class=\"elementor-inner\">\n\t\t\t\t\t\t\t<div class=\"elementor-section-wrap\">\n\t\t\t\t\t\t\t<section class=\"elementor-section elementor-top-section elementor-element elementor-element-3a2422f elementor-section-boxed elementor-section-height-default elementor-section-height-default\" data-id=\"3a2422f\" data-element_type=\"section\">\n\t\t\t\t\t\t<div class=\"elementor-container elementor-column-gap-default\">\n\t\t\t\t\t\t\t<div class=\"elementor-row\">\n\t\t\t\t\t<div class=\"elementor-column elementor-col-100 elementor-top-column elementor-element elementor-element-478ca87\" data-id=\"478ca87\" data-element_type=\"column\">\n\t\t\t<div class=\"elementor-column-wrap elementor-element-populated\">\n\t\t\t\t\t\t\t<div class=\"elementor-widget-wrap\">\n\t\t\t\t\t\t<div class=\"elementor-element elementor-element-cb77676 elementor-widget elementor-widget-text-editor\" data-id=\"cb77676\" data-element_type=\"widget\" data-widget_type=\"text-editor.default\">\n\t\t\t\t<div class=\"elementor-widget-container\">\n\t\t\t\t\t\t\t\t<div class=\"elementor-text-editor elementor-clearfix\">\n\t\t\t\t<p class=\"p1\"><span class=\"s1\">Hakah est une agence de d\u00e9coration et d&#8217;architecture d\u2019int\u00e9rieur. Notre mission est \u00a0de vous conseiller et de vous guider \u00a0\u00e0 trouver la juste r\u00e9ponse architecturale pour votre int\u00e9rieur. <\/span><\/p><p class=\"p1\"><span class=\"s1\">Notre promesse est de garantir, que toute personne, non seulement, peut continuer \u00e0 aimer sa maison, mais qu\u2019elle puisse construire son lieu de vie. <\/span><\/p><p class=\"p1\"><span class=\"s1\">Qu\u2019est-ce qui fait que dans certains endroits nous nous sentons accueillis et que dans d\u2019autres on n\u2019a pas de tout envie de s\u2019abandonner ? Mon ambition est de donner \u00e0 toute personne la possibilit\u00e9 de r\u00e9pondre \u00e0 cette question avec leurs propres aspirations. D\u00e9couvrez comment\u00a0:<\/span><\/p>\t\t\t\t\t<\/div>\n\t\t\t\t\t\t<\/div>\n\t\t\t\t<\/div>\n\t\t\t\t\t\t<\/div>\n\t\t\t\t\t<\/div>\n\t\t<\/div>\n\t\t\t\t\t\t\t\t<\/div>\n\t\t\t\t\t<\/div>\n\t\t<\/section>\n\t\t\t\t<section class=\"elementor-section elementor-top-section elementor-element elementor-element-fd6cd27 elementor-section-boxed elementor-section-height-default elementor-section-height-default\" data-id=\"fd6cd27\" data-element_type=\"section\">\n\t\t\t\t\t\t<div class=\"elementor-container elementor-column-gap-default\">\n\t\t\t\t\t\t\t<div class=\"elementor-row\">\n\t\t\t\t\t<div class=\"elementor-column elementor-col-100 elementor-top-column elementor-element elementor-element-9dfe399\" data-id=\"9dfe399\" data-element_type=\"column\">\n\t\t\t<div class=\"elementor-column-wrap elementor-element-populated\">\n\t\t\t\t\t\t\t<div class=\"elementor-widget-wrap\">\n\t\t\t\t\t\t<div class=\"elementor-element elementor-element-21cb828 elementor-widget elementor-widget-button\" data-id=\"21cb828\" data-element_type=\"widget\" data-widget_type=\"button.default\">\n\t\t\t\t<div class=\"elementor-widget-container\">\n\t\t\t\t\t<div class=\"elementor-button-wrapper\">\n\t\t\t<a href=\"http:\/\/hakah-interior.com\/index.php\/prestations\/\" class=\"elementor-button-link elementor-button elementor-size-xs\" role=\"button\">\n\t\t\t\t\t\t<span class=\"elementor-button-content-wrapper\">\n\t\t\t\t\t\t<span class=\"elementor-button-text\">Enter sur le site<\/span>\n\t\t<\/span>\n\t\t\t\t\t<\/a>\n\t\t<\/div>\n\t\t\t\t<\/div>\n\t\t\t\t<\/div>\n\t\t\t\t<div class=\"elementor-element elementor-element-a78d8a0 elementor-widget elementor-widget-spacer\" data-id=\"a78d8a0\" data-element_type=\"widget\" data-widget_type=\"spacer.default\">\n\t\t\t\t<div class=\"elementor-widget-container\">\n\t\t\t\t\t<div class=\"elementor-spacer\">\n\t\t\t<div class=\"elementor-spacer-inner\"><\/div>\n\t\t<\/div>\n\t\t\t\t<\/div>\n\t\t\t\t<\/div>\n\t\t\t\t\t\t<\/div>\n\t\t\t\t\t<\/div>\n\t\t<\/div>\n\t\t\t\t\t\t\t\t<\/div>\n\t\t\t\t\t<\/div>\n\t\t<\/section>\n\t\t\t\t<section class=\"elementor-section elementor-top-section elementor-element elementor-element-d99d922 elementor-section-boxed elementor-section-height-default elementor-section-height-default\" data-id=\"d99d922\" data-element_type=\"section\">\n\t\t\t\t\t\t<div class=\"elementor-container elementor-column-gap-default\">\n\t\t\t\t\t\t\t<div class=\"elementor-row\">\n\t\t\t\t\t<div class=\"elementor-column elementor-col-100 elementor-top-column elementor-element elementor-element-f0514c7\" data-id=\"f0514c7\" data-element_type=\"column\">\n\t\t\t<div class=\"elementor-column-wrap elementor-element-populated\">\n\t\t\t\t\t\t\t<div class=\"elementor-widget-wrap\">\n\t\t\t\t\t\t<div class=\"elementor-element elementor-element-6169f69 elementor-widget elementor-widget-image\" data-id=\"6169f69\" data-element_type=\"widget\" data-widget_type=\"image.default\">\n\t\t\t\t<div class=\"elementor-widget-container\">\n\t\t\t\t\t\t\t\t<div class=\"elementor-image\">\n\t\t\t\t\t\t\t\t\t\t\t\t<img width=\"525\" height=\"786\" src=\"https:\/\/hakah-interior.com\/wp-content\/uploads\/2019\/01\/alexandra-gornago-1063689-unsplash-684x1024.jpg\" class=\"attachment-large size-large\" alt=\"\" loading=\"lazy\" srcset=\"https:\/\/hakah-interior.com\/wp-content\/uploads\/2019\/01\/alexandra-gornago-1063689-unsplash-684x1024.jpg 684w, https:\/\/hakah-interior.com\/wp-content\/uploads\/2019\/01\/alexandra-gornago-1063689-unsplash-200x300.jpg 200w, https:\/\/hakah-interior.com\/wp-content\/uploads\/2019\/01\/alexandra-gornago-1063689-unsplash-768x1151.jpg 768w\" sizes=\"100vw\" \/>\t\t\t\t\t\t\t\t\t\t\t\t\t\t<\/div>\n\t\t\t\t\t\t<\/div>\n\t\t\t\t<\/div>\n\t\t\t\t\t\t<\/div>\n\t\t\t\t\t<\/div>\n\t\t<\/div>\n\t\t\t\t\t\t\t\t<\/div>\n\t\t\t\t\t<\/div>\n\t\t<\/section>\n\t\t\t\t<section class=\"elementor-section elementor-top-section elementor-element elementor-element-3756155 elementor-section-boxed elementor-section-height-default elementor-section-height-default\" data-id=\"3756155\" data-element_type=\"section\">\n\t\t\t\t\t\t<div class=\"elementor-container elementor-column-gap-default\">\n\t\t\t\t\t\t\t<div class=\"elementor-row\">\n\t\t\t\t\t<div class=\"elementor-column elementor-col-100 elementor-top-column elementor-element elementor-element-adf7dc2\" data-id=\"adf7dc2\" data-element_type=\"column\">\n\t\t\t<div class=\"elementor-column-wrap\">\n\t\t\t\t\t\t\t<div class=\"elementor-widget-wrap\">\n\t\t\t\t\t\t\t\t<\/div>\n\t\t\t\t\t<\/div>\n\t\t<\/div>\n\t\t\t\t\t\t\t\t<\/div>\n\t\t\t\t\t<\/div>\n\t\t<\/section>\n\t\t\t\t\t\t<\/div>\n\t\t\t\t\t\t<\/div>\n\t\t\t\t\t<\/div>\n\t\t","protected":false},"excerpt":{"rendered":"<p>Hakah est une agence de d\u00e9coration et d&#8217;architecture d\u2019int\u00e9rieur. Notre mission est &nbsp;de vous conseiller et de vous guider &nbsp;\u00e0 trouver la juste r\u00e9ponse architecturale pour votre int\u00e9rieur. Notre promesse est de garantir, que toute personne, non seulement, peut continuer \u00e0 aimer sa maison, mais qu\u2019elle puisse construire son lieu de vie. Qu\u2019est-ce qui fait &hellip; <\/p>\n<p class=\"link-more\"><a href=\"https:\/\/hakah-interior.com\/\" class=\"more-link\">Continue reading<span class=\"screen-reader-text\"> &#8220;Accueil&#8221;<\/span><\/a><\/p>\n","protected":false},"author":1,"featured_media":0,"parent":0,"menu_order":0,"comment_status":"closed","ping_status":"closed","template":"","meta":[],"_links":{"self":[{"href":"https:\/\/hakah-interior.com\/index.php\/wp-json\/wp\/v2\/pages\/77"}],"collection":[{"href":"https:\/\/hakah-interior.com\/index.php\/wp-json\/wp\/v2\/pages"}],"about":[{"href":"https:\/\/hakah-interior.com\/index.php\/wp-json\/wp\/v2\/types\/page"}],"author":[{"embeddable":true,"href":"https:\/\/hakah-interior.com\/index.php\/wp-json\/wp\/v2\/users\/1"}],"replies":[{"embeddable":true,"href":"https:\/\/hakah-interior.com\/index.php\/wp-json\/wp\/v2\/comments?post=77"}],"version-history":[{"count":26,"href":"https:\/\/hakah-interior.com\/index.php\/wp-json\/wp\/v2\/pages\/77\/revisions"}],"predecessor-version":[{"id":698,"href":"https:\/\/hakah-interior.com\/index.php\/wp-json\/wp\/v2\/pages\/77\/revisions\/698"}],"wp:attachment":[{"href":"https:\/\/hakah-interior.com\/index.php\/wp-json\/wp\/v2\/media?parent=77"}],"curies":[{"name":"wp","href":"https:\/\/api.w.org\/{rel}","templated":true}]}}